{"id":1688,"date":"2018-04-21T07:42:32","date_gmt":"2018-04-21T05:42:32","guid":{"rendered":"http:\/\/www.ari-bruneck.com\/it\/home\/"},"modified":"2023-12-20T13:29:47","modified_gmt":"2023-12-20T12:29:47","slug":"benvenuti","status":"publish","type":"page","link":"https:\/\/www.ari-bruneck.com\/it\/","title":{"rendered":"Home"},"content":{"rendered":"<section class=\"wpb-content-wrapper\"><p>[vc_row css=&#8221;.vc_custom_1698229899619{margin-bottom: 0px !important;}&#8221;][vc_column][rev_slider_vc alias=&#8221;home-it&#8221;][\/vc_column][\/vc_row][vc_row full_width=&#8221;stretch_row&#8221; el_class=&#8221;base_bg_color&#8221;][vc_column offset=&#8221;vc_hidden-xs&#8221;][stm_rev_slider_nav title=&#8221;Sezione ARI Brunico (BZ) | Associazione Radioamatori Italiani&#8221; slide_number=&#8221;1&#8243;][\/vc_column][\/vc_row][vc_row full_width=&#8221;stretch_row&#8221; el_class=&#8221;base_bg_color&#8221; css=&#8221;.vc_custom_1698229666368{margin-bottom: 30px !important;background-color: #ffffff !important;}&#8221;][vc_column offset=&#8221;vc_hidden-xs&#8221;][vc_column_text css=&#8221;.vc_custom_1698229651937{margin-bottom: 80px !important;}&#8221;]<\/p>\n<h1 style=\"text-align: center;\">50 ANNI .R.I. BRUNICO<\/h1>\n<p style=\"text-align: center;\"><img loading=\"lazy\" decoding=\"async\" class=\"alignnone size-medium wp-image-2465\" src=\"https:\/\/www.ari-bruneck.com\/wp-content\/uploads\/2023\/10\/50-1-295x300.jpg\" alt=\"\" width=\"295\" height=\"300\" srcset=\"https:\/\/www.ari-bruneck.com\/wp-content\/uploads\/2023\/10\/50-1-295x300.jpg 295w, https:\/\/www.ari-bruneck.com\/wp-content\/uploads\/2023\/10\/50-1-40x40.jpg 40w, https:\/\/www.ari-bruneck.com\/wp-content\/uploads\/2023\/10\/50-1.jpg 600w\" sizes=\"(max-width: 295px) 100vw, 295px\" \/><\/p>\n<p>[\/vc_column_text][\/vc_column][\/vc_row][vc_row css=&#8221;.vc_custom_1450264294682{margin-bottom: 80px !important;}&#8221;][vc_column offset=&#8221;vc_col-lg-6 vc_col-md-6&#8243;][vc_column_text]<\/p>\n<h2><span style=\"font-weight: 300;\">Benvenuti da A.R.I. Brunico<\/span><\/h2>\n<p>Il mondo dei \u201c<strong>Radioamatori<\/strong>\u201d \u00e8 vasto e difficilmente pu\u00f2 essere descritto in tutte le sue variet\u00e0 \u00e8 un hobby, che pu\u00f2 essere esercitato da ognuno.<\/p>\n<p>L\u2019hobby viene eseguito a livello mondiale da circa 2,5 millioni di persone e non conosce limiti politici, etnici e sociali, ma conosce solo l\u2019entusiasmo unificante per la comunicazione senza fili e per la tecnica delle radio.[\/vc_column_text][\/vc_column][vc_column offset=&#8221;vc_col-lg-6 vc_col-md-6 vc_hidden-sm vc_hidden-xs&#8221;][vc_single_image image=&#8221;1575&#8243; img_size=&#8221;full&#8221;][\/vc_column][\/vc_row][vc_row full_width=&#8221;stretch_row&#8221; css=&#8221;.vc_custom_1456149386937{margin-bottom: 0px !important;padding-top: 40px !important;padding-bottom: 14px !important;}&#8221; el_class=&#8221;secondary_bg_color&#8221;][vc_column width=&#8221;1\/3&#8243; offset=&#8221;vc_col-lg-3 vc_col-md-3&#8243; css=&#8221;.vc_custom_1449142338264{margin-bottom: 30px !important;}&#8221;][stm_counter counter_value=&#8221;15000&#8243; drawing=&#8221;yes&#8221; icon_width_svg=&#8221;65&#8243; icon_size=&#8221;64&#8243; title=&#8221;Soci | Italia&#8221; drawing_icon=&#8221;stm-people-in-team&#8221; icon_color=&#8221;#ffffff&#8221;][\/vc_column][vc_column width=&#8221;1\/3&#8243; offset=&#8221;vc_col-lg-3 vc_col-md-3&#8243; css=&#8221;.vc_custom_1449142329000{margin-bottom: 30px !important;}&#8221;][stm_counter counter_value=&#8221;20&#8243; drawing=&#8221;yes&#8221; icon_width_svg=&#8221;64&#8243; icon_size=&#8221;68&#8243; title=&#8221;Soci Sezione Brunico&#8221; drawing_icon=&#8221;stm-people-in-team&#8221; icon_color=&#8221;#ffffff&#8221;][\/vc_column][vc_column width=&#8221;1\/3&#8243; offset=&#8221;vc_col-lg-3 vc_col-md-3&#8243; css=&#8221;.vc_custom_1449142343672{margin-bottom: 30px !important;}&#8221;][stm_counter counter_value=&#8221;1973&#8243; drawing=&#8221;yes&#8221; icon_width=&#8221;80&#8243; icon_width_svg=&#8221;52&#8243; icon_size=&#8221;67&#8243; title=&#8221;Anno di fondazione&#8221; drawing_icon=&#8221;stm-clients-worldwide&#8221; icon_color=&#8221;#ffffff&#8221;][\/vc_column][\/vc_row][vc_row full_width=&#8221;stretch_row&#8221; equal_height=&#8221;yes&#8221; parallax=&#8221;content-moving-fade&#8221; parallax_image=&#8221;1415&#8243; css=&#8221;.vc_custom_1456331876059{background-color: #f2f2f2 !important;}&#8221;][vc_column css=&#8221;.vc_custom_1450330273622{padding-top: 60px !important;padding-right: 0px !important;padding-bottom: 60px !important;}&#8221;][vc_custom_heading text=&#8221;Aiutiamo\u2026&#8221; use_theme_fonts=&#8221;yes&#8221; el_class=&#8221;base_font_color heading_without_line&#8221;][vc_column_text]<span style=\"color: #404040;\">In caso di eventi dolorosi come il terremoto in Italia centrale e in Armenia, la sciagura di lavanga a Galt\u00fcr o in caso del tsunami nell\u2019Asia sudest i Radioamatori hanno messo a disposizione sia i loro apparecchi sia la loro esperienza per il mantenimento della comunicazione cos\u00ed importante tra vittime, parenti e soccorritori. <\/span><\/p>\n<p>I Radioamatori garantiscono pure il contatto con spedizioni che si trovano in zone prive di una rete di telecomunicazione. Ne approfittano anche nel loro lavoro dalla formazione e esperienza fatta come Funkamateur.[\/vc_column_text][\/vc_column][\/vc_row][vc_row][vc_column width=&#8221;1\/2&#8243; offset=&#8221;vc_hidden-sm vc_hidden-xs&#8221;][vc_custom_heading text=&#8221;15 spots&#8221; use_theme_fonts=&#8221;yes&#8221; css=&#8221;.vc_custom_1463900409644{margin-bottom: 38px !important;}&#8221;][vc_raw_html]JTNDaWZyYW1lJTIwc3JjJTNEJTIyaHR0cHMlM0ElMkYlMkZ3aWRnZXQuZHh3YXRjaC5jb20lMkZ3aWRnZXQlMkZ3aWRnZXQxLnBocCUzRnMlM0RabXc5TVNad1BURW1iRDB4Sm1OaGJHeHphV2R1UFNaallXeHNkSGx3WlQxa2VDWm1QVEFtZHowek5UQW1jajB4TUElM0QlM0QlMjIlMjB3aWR0aCUzRCUyMjM1MCUyMiUyMGhlaWdodCUzRCUyMjQzNSUyMiUyMGZyYW1lYm9yZGVyJTNEJTIyMCUyMiUyMHNjcm9sbGluZyUzRCUyMm5vJTIyJTNFJTIwJTNDJTJGaWZyYW1lJTNF[\/vc_raw_html][\/vc_column][vc_column width=&#8221;1\/2&#8243;][vc_tta_accordion style=&#8221;outline&#8221; shape=&#8221;square&#8221; color=&#8221;theme_style&#8221; c_icon=&#8221;chevron&#8221; c_position=&#8221;right&#8221; active_section=&#8221;1&#8243; no_fill=&#8221;true&#8221;][vc_tta_section title=&#8221;Come si diventa un Radioamatore?&#8221; tab_id=&#8221;1450333393575-560e10ae-d671&#8243;][vc_column_text]<\/p>\n<p style=\"text-align: justify;\">Per poter svolgere il Servizio di Amatore via radio le norme internazionali prevedono che l\u2019operatore sia in possesso di una patente che certifichi le sue conoscenze a livello teorico e pratico, e di un nominativo di chiamata e relativa autorizzazione generale che vengono assegnati dal Ministero delle Comunicazioni dopo aver ottenuto la patente. Tale patente \u00e8 rilasciata, in Italia, dagli Ispettorati Territoriali del Ministero delle Comunicazioni dopo il superamento di un <strong>esame strutturato su una singola prova di teoria, strutturata su quiz a risposta multipla sui seguenti argomenti<\/strong>: elettronica; radiotecnica; regolamenti nazionali e internazionali <a href=\"http:\/\/www.radioamatore.info\/radioamatore-si-diventa.html\" target=\"_blank\" rel=\"noopener\">&#8230;avanti<\/a><\/p>\n<p>[\/vc_column_text][\/vc_tta_section][vc_tta_section title=&#8221;Cosa sono le carte &#8220;QSL&#8220; ?&#8221; tab_id=&#8221;1450333390085-ccbb2f35-ff19&#8243;][vc_column_text]<\/p>\n<p style=\"text-align: justify;\">Le QSL sono le cartoline che si scambiano i Radioamatori al termine di un collegamento, come conferma dello stesso. Esse, oltre a riportare\u00a0 il nominativo della stazione, il nome dell&#8217;operatore e la localit\u00e0, devono indicare chiaramente la data, l&#8217;orario, la frequenza, il tipo di emissione ed i rapporti.\u00a0 Normalmente si inseriscono anche i dati relativi alle apparecchiature ed antenne usate.<\/p>\n<p>[\/vc_column_text][\/vc_tta_section][vc_tta_section title=&#8221;Radioamatori?&#8221; tab_id=&#8221;1450333286729-b84bb545-f459&#8243;][vc_column_text]<\/p>\n<p style=\"text-align: justify;\">Il radioamatore \u00e8 una persona autorizzata alla trasmissione, ovvero che ha conseguito la cosiddetta &#8220;patente&#8221; e la successiva &#8220;autorizzazione generale&#8221;. Come ottenere questo? Occorre anzitutto acquisire un minimo di conoscenza della radiotecnica necessaria per ottenere la patente, che consente l&#8217;utilizzo di tutte le frequenze assegnate internazionalmente al Servizio di Amatore. Ci si deve possibilmente familiarizzare con le abitudini dei radioamatori, e per farlo la cosa migliore \u00e8 l&#8217;ascolto delle gamme radiantistiche.<\/p>\n<p>[\/vc_column_text][\/vc_tta_section][vc_tta_section title=&#8221;Associazione Radioamatori Italiani&#8221; tab_id=&#8221;1463478448971-a887535a-73d5&#8243;][vc_column_text]<\/p>\n<p style=\"text-align: justify;\">L&#8217;attivit\u00e0 amatoriale, otre ad essere un hobby per molti di noi, ha anche una importante funzione sociale. Per oltre 50 anni il Servizio d&#8217;Amatore ha fornito una riserva di individui preparati ed esperti nelle tecniche delle radiocomunicazioni. Tale competenza \u00e8 stata ripetutamente utilizzata per fornire assistenza in situazioni di emergenza come terremoti ed alluvioni, quando le normali reti di telecomunicazione (telefonia cablata e telefonia cellulare) vengono inesorabilmente danneggiate. La capillare distribuzione sul territorio nazionale dei radioamatori e la loro capacit\u00e0 intrinseca di improvvisazione in presenza di circostanze avverse (come pu\u00f2 esserlo l&#8217;assenza di distribuzione di corrente elettrica), hanno permesso di fornire alla pubblica amministrazione validi sistemi alternativi di comunicazione.<\/p>\n<p>Per ulteriori informazioni \u00e9 possibile contattare la:<br \/>\n<strong>Segreteria Generale dell&#8217; A.R.I.<\/strong><br \/>\nvia Scarlatti 31<br \/>\n20124 Milano &#8211; tel 02\/6692192<br \/>\n<a href=\"http:\/\/www.ari.it\" target=\"_blank\" rel=\"noopener\">www.ari.it<\/a><\/p>\n<p>[\/vc_column_text][\/vc_tta_section][\/vc_tta_accordion][\/vc_column][\/vc_row]<\/p>\n<\/section>","protected":false},"excerpt":{"rendered":"<p>[vc_row css=&#8221;.vc_custom_1698229899619{margin-bottom: 0px !important;}&#8221;][vc_column][rev_slider_vc alias=&#8221;home-it&#8221;][\/vc_column][\/vc_row][vc_row full_width=&#8221;stretch_row&#8221; el_class=&#8221;base_bg_color&#8221;][vc_column offset=&#8221;vc_hidden-xs&#8221;][stm_rev_slider_nav title=&#8221;Sezione ARI Brunico (BZ) | Associazione Radioamatori Italiani&#8221; slide_number=&#8221;1&#8243;][\/vc_column][\/vc_row][vc_row full_width=&#8221;stretch_row&#8221; el_class=&#8221;base_bg_color&#8221; css=&#8221;.vc_custom_1698229666368{margin-bottom: 30px !important;background-color: #ffffff !important;}&#8221;][vc_column offset=&#8221;vc_hidden-xs&#8221;][vc_column_text css=&#8221;.vc_custom_1698229651937{margin-bottom: 80px !important;}&#8221;] 50 ANNI .R.I. BRUNICO [\/vc_column_text][\/vc_column][\/vc_row][vc_row&#8230;<\/p>\n","protected":false},"author":1,"featured_media":0,"parent":0,"menu_order":0,"comment_status":"closed","ping_status":"closed","template":"","meta":{"footnotes":""},"yoast_head":"<!-- This site is optimized with the Yoast SEO plugin v21.7 - https:\/\/yoast.com\/wordpress\/plugins\/seo\/ -->\n<title>Sezione ARI Brunico | Associazione Radioamatori Italiani<\/title>\n<meta name=\"description\" content=\"IQ3ED La sezione dell\u2019associazione Radioamatori Italiani A.R.I. \u00e8 stata fondata il 09.10.1973 e ha la sua sede legale a Brunico\" \/>\n<meta name=\"robots\" content=\"index, follow, max-snippet:-1, max-image-preview:large, max-video-preview:-1\" \/>\n<link rel=\"canonical\" href=\"https:\/\/www.ari-bruneck.com\/it\/\" \/>\n<meta property=\"og:locale\" content=\"it_IT\" \/>\n<meta property=\"og:type\" content=\"article\" \/>\n<meta property=\"og:title\" content=\"Sezione ARI Brunico | Associazione Radioamatori Italiani\" \/>\n<meta property=\"og:description\" content=\"IQ3ED La sezione dell\u2019associazione Radioamatori Italiani A.R.I. \u00e8 stata fondata il 09.10.1973 e ha la sua sede legale a Brunico\" \/>\n<meta property=\"og:url\" content=\"https:\/\/www.ari-bruneck.com\/it\/\" \/>\n<meta property=\"og:site_name\" content=\"ARI BRUNECK\" \/>\n<meta property=\"article:publisher\" content=\"https:\/\/www.facebook.com\/ari.bruneck.brunico\/\" \/>\n<meta property=\"article:modified_time\" content=\"2023-12-20T12:29:47+00:00\" \/>\n<meta property=\"og:image\" content=\"https:\/\/www.ari-bruneck.com\/wp-content\/uploads\/2023\/10\/50-1-295x300.jpg\" \/>\n<meta name=\"twitter:card\" content=\"summary_large_image\" \/>\n<meta name=\"twitter:label1\" content=\"Tempo di lettura stimato\" \/>\n\t<meta name=\"twitter:data1\" content=\"5 minuti\" \/>\n<script type=\"application\/ld+json\" class=\"yoast-schema-graph\">{\"@context\":\"https:\/\/schema.org\",\"@graph\":[{\"@type\":\"WebPage\",\"@id\":\"https:\/\/www.ari-bruneck.com\/it\/\",\"url\":\"https:\/\/www.ari-bruneck.com\/it\/\",\"name\":\"Sezione ARI Brunico | Associazione Radioamatori Italiani\",\"isPartOf\":{\"@id\":\"https:\/\/www.ari-bruneck.com\/#website\"},\"datePublished\":\"2018-04-21T05:42:32+00:00\",\"dateModified\":\"2023-12-20T12:29:47+00:00\",\"description\":\"IQ3ED La sezione dell\u2019associazione Radioamatori Italiani A.R.I. \u00e8 stata fondata il 09.10.1973 e ha la sua sede legale a Brunico\",\"breadcrumb\":{\"@id\":\"https:\/\/www.ari-bruneck.com\/it\/#breadcrumb\"},\"inLanguage\":\"it-IT\",\"potentialAction\":[{\"@type\":\"ReadAction\",\"target\":[\"https:\/\/www.ari-bruneck.com\/it\/\"]}]},{\"@type\":\"BreadcrumbList\",\"@id\":\"https:\/\/www.ari-bruneck.com\/it\/#breadcrumb\",\"itemListElement\":[{\"@type\":\"ListItem\",\"position\":1,\"name\":\"Home\",\"item\":\"https:\/\/www.ari-bruneck.com\/it\/\"},{\"@type\":\"ListItem\",\"position\":2,\"name\":\"Home\"}]},{\"@type\":\"WebSite\",\"@id\":\"https:\/\/www.ari-bruneck.com\/#website\",\"url\":\"https:\/\/www.ari-bruneck.com\/\",\"name\":\"ARI BRUNECK\",\"description\":\"Amateurfunkverein ARI Sektion Bruneck in S\u00fcdtirol\",\"potentialAction\":[{\"@type\":\"SearchAction\",\"target\":{\"@type\":\"EntryPoint\",\"urlTemplate\":\"https:\/\/www.ari-bruneck.com\/?s={search_term_string}\"},\"query-input\":\"required name=search_term_string\"}],\"inLanguage\":\"it-IT\"}]}<\/script>\n<!-- \/ Yoast SEO plugin. -->","yoast_head_json":{"title":"Sezione ARI Brunico | Associazione Radioamatori Italiani","description":"IQ3ED La sezione dell\u2019associazione Radioamatori Italiani A.R.I. \u00e8 stata fondata il 09.10.1973 e ha la sua sede legale a Brunico","robots":{"index":"index","follow":"follow","max-snippet":"max-snippet:-1","max-image-preview":"max-image-preview:large","max-video-preview":"max-video-preview:-1"},"canonical":"https:\/\/www.ari-bruneck.com\/it\/","og_locale":"it_IT","og_type":"article","og_title":"Sezione ARI Brunico | Associazione Radioamatori Italiani","og_description":"IQ3ED La sezione dell\u2019associazione Radioamatori Italiani A.R.I. \u00e8 stata fondata il 09.10.1973 e ha la sua sede legale a Brunico","og_url":"https:\/\/www.ari-bruneck.com\/it\/","og_site_name":"ARI BRUNECK","article_publisher":"https:\/\/www.facebook.com\/ari.bruneck.brunico\/","article_modified_time":"2023-12-20T12:29:47+00:00","og_image":[{"url":"https:\/\/www.ari-bruneck.com\/wp-content\/uploads\/2023\/10\/50-1-295x300.jpg"}],"twitter_card":"summary_large_image","twitter_misc":{"Tempo di lettura stimato":"5 minuti"},"schema":{"@context":"https:\/\/schema.org","@graph":[{"@type":"WebPage","@id":"https:\/\/www.ari-bruneck.com\/it\/","url":"https:\/\/www.ari-bruneck.com\/it\/","name":"Sezione ARI Brunico | Associazione Radioamatori Italiani","isPartOf":{"@id":"https:\/\/www.ari-bruneck.com\/#website"},"datePublished":"2018-04-21T05:42:32+00:00","dateModified":"2023-12-20T12:29:47+00:00","description":"IQ3ED La sezione dell\u2019associazione Radioamatori Italiani A.R.I. \u00e8 stata fondata il 09.10.1973 e ha la sua sede legale a Brunico","breadcrumb":{"@id":"https:\/\/www.ari-bruneck.com\/it\/#breadcrumb"},"inLanguage":"it-IT","potentialAction":[{"@type":"ReadAction","target":["https:\/\/www.ari-bruneck.com\/it\/"]}]},{"@type":"BreadcrumbList","@id":"https:\/\/www.ari-bruneck.com\/it\/#breadcrumb","itemListElement":[{"@type":"ListItem","position":1,"name":"Home","item":"https:\/\/www.ari-bruneck.com\/it\/"},{"@type":"ListItem","position":2,"name":"Home"}]},{"@type":"WebSite","@id":"https:\/\/www.ari-bruneck.com\/#website","url":"https:\/\/www.ari-bruneck.com\/","name":"ARI BRUNECK","description":"Amateurfunkverein ARI Sektion Bruneck in S\u00fcdtirol","potentialAction":[{"@type":"SearchAction","target":{"@type":"EntryPoint","urlTemplate":"https:\/\/www.ari-bruneck.com\/?s={search_term_string}"},"query-input":"required name=search_term_string"}],"inLanguage":"it-IT"}]}},"_links":{"self":[{"href":"https:\/\/www.ari-bruneck.com\/it\/wp-json\/wp\/v2\/pages\/1688"}],"collection":[{"href":"https:\/\/www.ari-bruneck.com\/it\/wp-json\/wp\/v2\/pages"}],"about":[{"href":"https:\/\/www.ari-bruneck.com\/it\/wp-json\/wp\/v2\/types\/page"}],"author":[{"embeddable":true,"href":"https:\/\/www.ari-bruneck.com\/it\/wp-json\/wp\/v2\/users\/1"}],"replies":[{"embeddable":true,"href":"https:\/\/www.ari-bruneck.com\/it\/wp-json\/wp\/v2\/comments?post=1688"}],"version-history":[{"count":10,"href":"https:\/\/www.ari-bruneck.com\/it\/wp-json\/wp\/v2\/pages\/1688\/revisions"}],"predecessor-version":[{"id":1691,"href":"https:\/\/www.ari-bruneck.com\/it\/wp-json\/wp\/v2\/pages\/1688\/revisions\/1691"}],"wp:attachment":[{"href":"https:\/\/www.ari-bruneck.com\/it\/wp-json\/wp\/v2\/media?parent=1688"}],"curies":[{"name":"wp","href":"https:\/\/api.w.org\/{rel}","templated":true}]}}